{"id":77,"date":"2023-01-02T19:40:01","date_gmt":"2023-01-02T16:40:01","guid":{"rendered":"http:\/\/akgrupturizm.com\/?page_id=77"},"modified":"2023-01-02T19:47:09","modified_gmt":"2023-01-02T16:47:09","slug":"shuttle-tasimaciligi","status":"publish","type":"page","link":"https:\/\/akgrupturizm.com\/?page_id=77","title":{"rendered":"Shuttle Ta\u015f\u0131mac\u0131l\u0131\u011f\u0131"},"content":{"rendered":"","protected":false},"excerpt":{"rendered":"","protected":false},"author":1,"featured_media":0,"parent":0,"menu_order":0,"comment_status":"closed","ping_status":"closed","template":"","meta":{"_joinchat":[],"footnotes":""},"class_list":["post-77","page","type-page","status-publish","hentry"],"_links":{"self":[{"href":"https:\/\/akgrupturizm.com\/index.php?rest_route=\/wp\/v2\/pages\/77","targetHints":{"allow":["GET"]}}],"collection":[{"href":"https:\/\/akgrupturizm.com\/index.php?rest_route=\/wp\/v2\/pages"}],"about":[{"href":"https:\/\/akgrupturizm.com\/index.php?rest_route=\/wp\/v2\/types\/page"}],"author":[{"embeddable":true,"href":"https:\/\/akgrupturizm.com\/index.php?rest_route=\/wp\/v2\/users\/1"}],"replies":[{"embeddable":true,"href":"https:\/\/akgrupturizm.com\/index.php?rest_route=%2Fwp%2Fv2%2Fcomments&post=77"}],"version-history":[{"count":4,"href":"https:\/\/akgrupturizm.com\/index.php?rest_route=\/wp\/v2\/pages\/77\/revisions"}],"predecessor-version":[{"id":83,"href":"https:\/\/akgrupturizm.com\/index.php?rest_route=\/wp\/v2\/pages\/77\/revisions\/83"}],"wp:attachment":[{"href":"https:\/\/akgrupturizm.com\/index.php?rest_route=%2Fwp%2Fv2%2Fmedia&parent=77"}],"curies":[{"name":"wp","href":"https:\/\/api.w.org\/{rel}","templated":true}]}}