{"id":69,"date":"2023-01-02T19:34:04","date_gmt":"2023-01-02T16:34:04","guid":{"rendered":"http:\/\/akgrupturizm.com\/?page_id=69"},"modified":"2023-01-02T19:36:44","modified_gmt":"2023-01-02T16:36:44","slug":"ogrenci-tasimaciligi","status":"publish","type":"page","link":"https:\/\/akgrupturizm.com\/?page_id=69","title":{"rendered":"\u00d6\u011frenci Ta\u015f\u0131mac\u0131l\u0131\u011f\u0131"},"content":{"rendered":"","protected":false},"excerpt":{"rendered":"","protected":false},"author":1,"featured_media":0,"parent":0,"menu_order":0,"comment_status":"closed","ping_status":"closed","template":"","meta":{"_joinchat":[],"footnotes":""},"class_list":["post-69","page","type-page","status-publish","hentry"],"_links":{"self":[{"href":"https:\/\/akgrupturizm.com\/index.php?rest_route=\/wp\/v2\/pages\/69","targetHints":{"allow":["GET"]}}],"collection":[{"href":"https:\/\/akgrupturizm.com\/index.php?rest_route=\/wp\/v2\/pages"}],"about":[{"href":"https:\/\/akgrupturizm.com\/index.php?rest_route=\/wp\/v2\/types\/page"}],"author":[{"embeddable":true,"href":"https:\/\/akgrupturizm.com\/index.php?rest_route=\/wp\/v2\/users\/1"}],"replies":[{"embeddable":true,"href":"https:\/\/akgrupturizm.com\/index.php?rest_route=%2Fwp%2Fv2%2Fcomments&post=69"}],"version-history":[{"count":3,"href":"https:\/\/akgrupturizm.com\/index.php?rest_route=\/wp\/v2\/pages\/69\/revisions"}],"predecessor-version":[{"id":74,"href":"https:\/\/akgrupturizm.com\/index.php?rest_route=\/wp\/v2\/pages\/69\/revisions\/74"}],"wp:attachment":[{"href":"https:\/\/akgrupturizm.com\/index.php?rest_route=%2Fwp%2Fv2%2Fmedia&parent=69"}],"curies":[{"name":"wp","href":"https:\/\/api.w.org\/{rel}","templated":true}]}}